{"id":8160,"date":"2024-06-21T13:12:42","date_gmt":"2024-06-21T13:12:42","guid":{"rendered":"https:\/\/teamparkproject.com\/?page_id=8160"},"modified":"2026-03-25T15:36:53","modified_gmt":"2026-03-25T15:36:53","slug":"grazie","status":"publish","type":"page","link":"https:\/\/teamparkproject.com\/it\/grazie\/","title":{"rendered":"Grazie"},"content":{"rendered":"\t\t<div data-elementor-type=\"wp-page\" data-elementor-id=\"8160\" class=\"elementor elementor-8160\" data-elementor-post-type=\"page\">\n\t\t\t\t<div class=\"elementor-element elementor-element-e420bf8 e-flex e-con-boxed e-con e-parent\" data-id=\"e420bf8\" data-element_type=\"container\" data-e-type=\"container\" data-settings=\"{&quot;background_background&quot;:&quot;classic&quot;}\">\n\t\t\t\t\t<div class=\"e-con-inner\">\n\t\t\t\t<div class=\"elementor-element elementor-element-c7ed84b elementor-widget__width-initial grve-elementor-align-left elementor-invisible elementor-widget elementor-widget-impeka_title\" data-id=\"c7ed84b\" data-element_type=\"widget\" data-e-type=\"widget\" data-settings=\"{&quot;_animation&quot;:&quot;fadeInUp&quot;}\" data-widget_type=\"impeka_title.default\">\n\t\t\t\t<div class=\"elementor-widget-container\">\n\t\t\t\t\t<h1 class=\"grve-element grve-title grve-h3\"><span>Grazie per averci contattato!<br><\/span><\/h1>\t\t\t\t<\/div>\n\t\t\t\t<\/div>\n\t\t\t\t<div class=\"elementor-element elementor-element-01f8cfa elementor-widget__width-initial intro elementor-invisible elementor-widget elementor-widget-text-editor\" data-id=\"01f8cfa\" data-element_type=\"widget\" data-e-type=\"widget\" data-settings=\"{&quot;_animation&quot;:&quot;fadeInUp&quot;}\" data-widget_type=\"text-editor.default\">\n\t\t\t\t<div class=\"elementor-widget-container\">\n\t\t\t\t\t\t\t\t\t<p><strong>Il nostro team ti contatter\u00e0 a breve con tutte le informazioni di cui hai bisogn<\/strong>o.<\/p>\t\t\t\t\t\t\t\t<\/div>\n\t\t\t\t<\/div>\n\t\t\t\t\t<\/div>\n\t\t\t\t<\/div>\n\t\t<div class=\"elementor-element elementor-element-739ac0d e-flex e-con-boxed e-con e-parent\" data-id=\"739ac0d\" data-element_type=\"container\" data-e-type=\"container\">\n\t\t\t\t\t<div class=\"e-con-inner\">\n\t\t<div class=\"elementor-element elementor-element-89e1399 e-con-full e-flex e-con e-child\" data-id=\"89e1399\" data-element_type=\"container\" data-e-type=\"container\">\n\t\t<div class=\"elementor-element elementor-element-2349ba5 e-con-full e-flex elementor-invisible e-con e-child\" data-id=\"2349ba5\" data-element_type=\"container\" data-e-type=\"container\" data-settings=\"{&quot;background_background&quot;:&quot;classic&quot;,&quot;animation&quot;:&quot;fadeInLeft&quot;}\">\n\t\t\t\t<div class=\"elementor-element elementor-element-b198ee9 radius elementor-widget elementor-widget-image\" data-id=\"b198ee9\" data-element_type=\"widget\" data-e-type=\"widget\" data-widget_type=\"image.default\">\n\t\t\t\t<div class=\"elementor-widget-container\">\n\t\t\t\t\t\t\t\t\t\t\t\t\t\t\t<img fetchpriority=\"high\" decoding=\"async\" width=\"840\" height=\"600\" src=\"https:\/\/teamparkproject.com\/wp-content\/uploads\/2024\/06\/TPP_Grazie-ChiSiamo@2x-840x600.jpg\" class=\"attachment-impeka-grve-medium-rect-vertical size-impeka-grve-medium-rect-vertical wp-image-8334\" alt=\"\" \/>\t\t\t\t\t\t\t\t\t\t\t\t\t\t\t<\/div>\n\t\t\t\t<\/div>\n\t\t\t\t<div class=\"elementor-element elementor-element-ae80264 elementor-widget__width-auto elementor-widget elementor-widget-impeka_button\" data-id=\"ae80264\" data-element_type=\"widget\" data-e-type=\"widget\" data-settings=\"{&quot;_animation_delay&quot;:300,&quot;_animation&quot;:&quot;none&quot;}\" data-widget_type=\"impeka_button.default\">\n\t\t\t\t<div class=\"elementor-widget-container\">\n\t\t\t\t\t<div class=\"grve-element grve-fullwidth-button\"><a href=\"https:\/\/teamparkproject.com\/it\/chi-siamo\/\" class=\"grve-btn-text grve-btn-only-text grve-text-white grve-text-hover-white grve-btn-extralarge grve-fullwidth-btn grve-fluid-btn-tall grve-with-svg-icon-arrow-1\">\r\n\t\t<div class=\"grve-btn-inner\">\r\n\t\t<span>Chi siamo<\/span>\r\n\t\t\t\t\t\t\t<div class=\"grve-btn-svg-icon grve-with-shape grve-svg-white\">\r\n\t\t\t\t\t\t<svg width=\"12px\" height=\"12px\" viewBox=\"0 0 12 12\">\r\n\t\t\t\t<polygon points=\"3.6 0 10 6 3.6 12 2 10.5 6.8 6 2 1.5\"><\/polygon>\r\n\t\t\t<\/svg>\r\n\t\t\t\t\t\t\t\t\t<div class=\"grve-shape-icon grve-circle grve-outline grve-border-white\"><\/div>\r\n\t\t\t\t\t<\/div>\r\n\t\t\t\t\t<\/div>\r\n\t<\/a><\/div>\t\t\t\t<\/div>\n\t\t\t\t<\/div>\n\t\t\t\t<\/div>\n\t\t\t\t<\/div>\n\t\t<div class=\"elementor-element elementor-element-7825f6f e-con-full e-flex e-con e-child\" data-id=\"7825f6f\" data-element_type=\"container\" data-e-type=\"container\">\n\t\t<div class=\"elementor-element elementor-element-c056b4e e-con-full e-flex elementor-invisible e-con e-child\" data-id=\"c056b4e\" data-element_type=\"container\" data-e-type=\"container\" data-settings=\"{&quot;background_background&quot;:&quot;classic&quot;,&quot;animation&quot;:&quot;fadeInLeft&quot;,&quot;motion_fx_motion_fx_mouse&quot;:&quot;yes&quot;}\">\n\t\t\t\t<div class=\"elementor-element elementor-element-f9c7b41 elementor-widget__width-auto elementor-widget elementor-widget-impeka_button\" data-id=\"f9c7b41\" data-element_type=\"widget\" data-e-type=\"widget\" data-settings=\"{&quot;_animation_delay&quot;:300,&quot;_animation&quot;:&quot;none&quot;}\" data-widget_type=\"impeka_button.default\">\n\t\t\t\t<div class=\"elementor-widget-container\">\n\t\t\t\t\t<div class=\"grve-element grve-fullwidth-button\"><a href=\"https:\/\/teamparkproject.com\/it\/servizi\/\" class=\"grve-btn-text grve-btn-only-text grve-text-white grve-text-hover-white grve-btn-extralarge grve-fullwidth-btn grve-fluid-btn-tall grve-with-svg-icon-arrow-1\">\r\n\t\t<div class=\"grve-btn-inner\">\r\n\t\t<span>Servizi<\/span>\r\n\t\t\t\t\t\t\t<div class=\"grve-btn-svg-icon grve-with-shape grve-svg-white\">\r\n\t\t\t\t\t\t<svg width=\"12px\" height=\"12px\" viewBox=\"0 0 12 12\">\r\n\t\t\t\t<polygon points=\"3.6 0 10 6 3.6 12 2 10.5 6.8 6 2 1.5\"><\/polygon>\r\n\t\t\t<\/svg>\r\n\t\t\t\t\t\t\t\t\t<div class=\"grve-shape-icon grve-circle grve-outline grve-border-white\"><\/div>\r\n\t\t\t\t\t<\/div>\r\n\t\t\t\t\t<\/div>\r\n\t<\/a><\/div>\t\t\t\t<\/div>\n\t\t\t\t<\/div>\n\t\t\t\t<div class=\"elementor-element elementor-element-b6ad7d8 radius elementor-widget elementor-widget-image\" data-id=\"b6ad7d8\" data-element_type=\"widget\" data-e-type=\"widget\" data-widget_type=\"image.default\">\n\t\t\t\t<div class=\"elementor-widget-container\">\n\t\t\t\t\t\t\t\t\t\t\t\t\t\t\t<img decoding=\"async\" width=\"840\" height=\"600\" src=\"https:\/\/teamparkproject.com\/wp-content\/uploads\/2024\/06\/TPP_Grazie-Servizi@2x-840x600.jpg\" class=\"attachment-impeka-grve-medium-rect-vertical size-impeka-grve-medium-rect-vertical wp-image-8364\" alt=\"\" \/>\t\t\t\t\t\t\t\t\t\t\t\t\t\t\t<\/div>\n\t\t\t\t<\/div>\n\t\t\t\t<\/div>\n\t\t\t\t<\/div>\n\t\t<div class=\"elementor-element elementor-element-1bb791d e-con-full e-flex e-con e-child\" data-id=\"1bb791d\" data-element_type=\"container\" data-e-type=\"container\">\n\t\t<div class=\"elementor-element elementor-element-fe748f0 e-con-full e-flex elementor-invisible e-con e-child\" data-id=\"fe748f0\" data-element_type=\"container\" data-e-type=\"container\" data-settings=\"{&quot;background_background&quot;:&quot;classic&quot;,&quot;animation&quot;:&quot;fadeInLeft&quot;,&quot;motion_fx_motion_fx_mouse&quot;:&quot;yes&quot;}\">\n\t\t\t\t<div class=\"elementor-element elementor-element-228d085 elementor-widget__width-auto elementor-widget elementor-widget-impeka_button\" data-id=\"228d085\" data-element_type=\"widget\" data-e-type=\"widget\" data-settings=\"{&quot;_animation_delay&quot;:300,&quot;_animation&quot;:&quot;none&quot;}\" data-widget_type=\"impeka_button.default\">\n\t\t\t\t<div class=\"elementor-widget-container\">\n\t\t\t\t\t<div class=\"grve-element grve-fullwidth-button\"><a href=\"https:\/\/teamparkproject.com\/it\/progetti\/\" class=\"grve-btn-text grve-btn-only-text grve-text-white grve-text-hover-white grve-btn-extralarge grve-fullwidth-btn grve-fluid-btn-tall grve-with-svg-icon-arrow-1\">\r\n\t\t<div class=\"grve-btn-inner\">\r\n\t\t<span>Progetti<\/span>\r\n\t\t\t\t\t\t\t<div class=\"grve-btn-svg-icon grve-with-shape grve-svg-white\">\r\n\t\t\t\t\t\t<svg width=\"12px\" height=\"12px\" viewBox=\"0 0 12 12\">\r\n\t\t\t\t<polygon points=\"3.6 0 10 6 3.6 12 2 10.5 6.8 6 2 1.5\"><\/polygon>\r\n\t\t\t<\/svg>\r\n\t\t\t\t\t\t\t\t\t<div class=\"grve-shape-icon grve-circle grve-outline grve-border-white\"><\/div>\r\n\t\t\t\t\t<\/div>\r\n\t\t\t\t\t<\/div>\r\n\t<\/a><\/div>\t\t\t\t<\/div>\n\t\t\t\t<\/div>\n\t\t\t\t<div class=\"elementor-element elementor-element-363611d radius elementor-widget elementor-widget-image\" data-id=\"363611d\" data-element_type=\"widget\" data-e-type=\"widget\" data-widget_type=\"image.default\">\n\t\t\t\t<div class=\"elementor-widget-container\">\n\t\t\t\t\t\t\t\t\t\t\t\t\t\t\t<img decoding=\"async\" width=\"840\" height=\"600\" src=\"https:\/\/teamparkproject.com\/wp-content\/uploads\/2024\/06\/TPP_Grazie-Progetti@2x-840x600.jpg\" class=\"attachment-impeka-grve-medium-rect-vertical size-impeka-grve-medium-rect-vertical wp-image-8362\" alt=\"\" \/>\t\t\t\t\t\t\t\t\t\t\t\t\t\t\t<\/div>\n\t\t\t\t<\/div>\n\t\t\t\t<\/div>\n\t\t\t\t<\/div>\n\t\t\t\t\t<\/div>\n\t\t\t\t<\/div>\n\t\t<div class=\"elementor-element elementor-element-439a357 e-flex e-con-boxed e-con e-parent\" data-id=\"439a357\" data-element_type=\"container\" data-e-type=\"container\" data-settings=\"{&quot;background_background&quot;:&quot;classic&quot;}\">\n\t\t\t\t\t<div class=\"e-con-inner\">\n\t\t\t\t<div class=\"elementor-element elementor-element-fd05de0 elementor-widget__width-initial intro elementor-widget elementor-widget-text-editor\" data-id=\"fd05de0\" data-element_type=\"widget\" data-e-type=\"widget\" data-widget_type=\"text-editor.default\">\n\t\t\t\t<div class=\"elementor-widget-container\">\n\t\t\t\t\t\t\t\t\t<h4>Guarda il nostro showreel<\/h4>\t\t\t\t\t\t\t\t<\/div>\n\t\t\t\t<\/div>\n\t\t\t\t<div class=\"elementor-element elementor-element-4357b5f elementor-widget-tablet__width-initial elementor-widget elementor-widget-video\" data-id=\"4357b5f\" data-element_type=\"widget\" data-e-type=\"widget\" data-settings=\"{&quot;video_type&quot;:&quot;vimeo&quot;}\" data-widget_type=\"video.default\">\n\t\t\t\t<div class=\"elementor-widget-container\">\n\t\t\t\t\t\t\t<div class=\"elementor-wrapper elementor-open-inline\">\n\t\t\t<iframe class=\"elementor-video-iframe\" allowfullscreen allow=\"clipboard-write\" title=\"vimeo Video Player\" src=\"https:\/\/player.vimeo.com\/video\/929795066?color&amp;autopause=0&amp;loop=0&amp;muted=0&amp;title=0&amp;portrait=0&amp;byline=0#t=\"><\/iframe>\t\t<\/div>\n\t\t\t\t\t\t<\/div>\n\t\t\t\t<\/div>\n\t\t\t\t<div class=\"elementor-element elementor-element-c6bdf41 elementor-widget elementor-widget-impeka_empty_space\" data-id=\"c6bdf41\" data-element_type=\"widget\" data-e-type=\"widget\" data-widget_type=\"impeka_empty_space.default\">\n\t\t\t\t<div class=\"elementor-widget-container\">\n\t\t\t\t\t<div class=\"grve-empty-space grve-height-2x\"><\/div>\t\t\t\t<\/div>\n\t\t\t\t<\/div>\n\t\t\t\t\t<\/div>\n\t\t\t\t<\/div>\n\t\t\t\t<\/div>\n\t\t","protected":false},"excerpt":{"rendered":"<p>Grazie per averci contattato! Il nostro team ti contatter\u00e0 a breve con tutte le informazioni di cui hai bisogno. Chi siamo Servizi Progetti Guarda il nostro showreel https:\/\/vimeo.com\/929795066<\/p>\n","protected":false},"author":2,"featured_media":8362,"parent":0,"menu_order":0,"comment_status":"closed","ping_status":"closed","template":"","meta":{"footnotes":""},"class_list":["post-8160","page","type-page","status-publish","has-post-thumbnail","hentry","grve-entry-item"],"yoast_head":"<!-- This site is optimized with the Yoast SEO plugin v27.4 - https:\/\/yoast.com\/product\/yoast-seo-wordpress\/ -->\n<title>Grazie - TeamParkProject<\/title>\n<meta name=\"description\" content=\"Un parco di divertimenti pu\u00f2 essere il migliore (o il peggiore) investimento della tua vita. Tutto dipende dalla sua profittabilit\u00e0. Sei davvero sicuro di volerla lasciare al caso?\" \/>\n<meta name=\"robots\" content=\"index, follow, max-snippet:-1, max-image-preview:large, max-video-preview:-1\" \/>\n<link rel=\"canonical\" href=\"https:\/\/teamparkproject.com\/it\/grazie\/\" \/>\n<meta property=\"og:locale\" content=\"it_IT\" \/>\n<meta property=\"og:type\" content=\"article\" \/>\n<meta property=\"og:title\" content=\"Guida Gratuita profittabilit\u00e0 parco divertimenti\" \/>\n<meta property=\"og:description\" content=\"Un parco di divertimenti pu\u00f2 essere il migliore (o il peggiore) investimento della tua vita. Tutto dipende dalla sua profittabilit\u00e0. Sei davvero sicuro di volerla lasciare al caso?\" \/>\n<meta property=\"og:url\" content=\"https:\/\/teamparkproject.com\/it\/grazie\/\" \/>\n<meta property=\"og:site_name\" content=\"TeamParkProject\" \/>\n<meta property=\"article:publisher\" content=\"https:\/\/www.facebook.com\/teamparkproject\/\" \/>\n<meta property=\"article:modified_time\" content=\"2026-03-25T15:36:53+00:00\" \/>\n<meta property=\"og:image\" content=\"https:\/\/teamparkproject.com\/wp-content\/uploads\/2024\/06\/TPP_Grazie-Progetti@2x.jpg\" \/>\n\t<meta property=\"og:image:width\" content=\"1000\" \/>\n\t<meta property=\"og:image:height\" content=\"600\" \/>\n\t<meta property=\"og:image:type\" content=\"image\/jpeg\" \/>\n<meta name=\"twitter:card\" content=\"summary_large_image\" \/>\n<meta name=\"twitter:title\" content=\"Guida Gratuita profittabilit\u00e0 parco divertimenti\" \/>\n<meta name=\"twitter:description\" content=\"Un parco di divertimenti pu\u00f2 essere il migliore (o il peggiore) investimento della tua vita. Tutto dipende dalla sua profittabilit\u00e0. Sei davvero sicuro di volerla lasciare al caso?\" \/>\n<meta name=\"twitter:label1\" content=\"Tempo di lettura stimato\" \/>\n\t<meta name=\"twitter:data1\" content=\"1 minuto\" \/>\n<script type=\"application\/ld+json\" class=\"yoast-schema-graph\">{\"@context\":\"https:\\\/\\\/schema.org\",\"@graph\":[{\"@type\":\"WebPage\",\"@id\":\"https:\\\/\\\/teamparkproject.com\\\/it\\\/grazie\\\/\",\"url\":\"https:\\\/\\\/teamparkproject.com\\\/it\\\/grazie\\\/\",\"name\":\"Grazie - TeamParkProject\",\"isPartOf\":{\"@id\":\"https:\\\/\\\/teamparkproject.com\\\/it\\\/#website\"},\"primaryImageOfPage\":{\"@id\":\"https:\\\/\\\/teamparkproject.com\\\/it\\\/grazie\\\/#primaryimage\"},\"image\":{\"@id\":\"https:\\\/\\\/teamparkproject.com\\\/it\\\/grazie\\\/#primaryimage\"},\"thumbnailUrl\":\"https:\\\/\\\/teamparkproject.com\\\/wp-content\\\/uploads\\\/2024\\\/06\\\/TPP_Grazie-Progetti@2x.jpg\",\"datePublished\":\"2024-06-21T13:12:42+00:00\",\"dateModified\":\"2026-03-25T15:36:53+00:00\",\"description\":\"Un parco di divertimenti pu\u00f2 essere il migliore (o il peggiore) investimento della tua vita. Tutto dipende dalla sua profittabilit\u00e0. Sei davvero sicuro di volerla lasciare al caso?\",\"breadcrumb\":{\"@id\":\"https:\\\/\\\/teamparkproject.com\\\/it\\\/grazie\\\/#breadcrumb\"},\"inLanguage\":\"it-IT\",\"potentialAction\":[{\"@type\":\"ReadAction\",\"target\":[\"https:\\\/\\\/teamparkproject.com\\\/it\\\/grazie\\\/\"]}]},{\"@type\":\"ImageObject\",\"inLanguage\":\"it-IT\",\"@id\":\"https:\\\/\\\/teamparkproject.com\\\/it\\\/grazie\\\/#primaryimage\",\"url\":\"https:\\\/\\\/teamparkproject.com\\\/wp-content\\\/uploads\\\/2024\\\/06\\\/TPP_Grazie-Progetti@2x.jpg\",\"contentUrl\":\"https:\\\/\\\/teamparkproject.com\\\/wp-content\\\/uploads\\\/2024\\\/06\\\/TPP_Grazie-Progetti@2x.jpg\",\"width\":1000,\"height\":600},{\"@type\":\"BreadcrumbList\",\"@id\":\"https:\\\/\\\/teamparkproject.com\\\/it\\\/grazie\\\/#breadcrumb\",\"itemListElement\":[{\"@type\":\"ListItem\",\"position\":1,\"name\":\"Home\",\"item\":\"https:\\\/\\\/teamparkproject.com\\\/it\\\/\"},{\"@type\":\"ListItem\",\"position\":2,\"name\":\"Grazie\"}]},{\"@type\":\"WebSite\",\"@id\":\"https:\\\/\\\/teamparkproject.com\\\/it\\\/#website\",\"url\":\"https:\\\/\\\/teamparkproject.com\\\/it\\\/\",\"name\":\"Team Park Project\",\"description\":\"Designing joy. Planning Success.\",\"publisher\":{\"@id\":\"https:\\\/\\\/teamparkproject.com\\\/it\\\/#organization\"},\"alternateName\":\"TPP\",\"potentialAction\":[{\"@type\":\"SearchAction\",\"target\":{\"@type\":\"EntryPoint\",\"urlTemplate\":\"https:\\\/\\\/teamparkproject.com\\\/it\\\/?s={search_term_string}\"},\"query-input\":{\"@type\":\"PropertyValueSpecification\",\"valueRequired\":true,\"valueName\":\"search_term_string\"}}],\"inLanguage\":\"it-IT\"},{\"@type\":\"Organization\",\"@id\":\"https:\\\/\\\/teamparkproject.com\\\/it\\\/#organization\",\"name\":\"Team Park Project\",\"alternateName\":\"TPP\",\"url\":\"https:\\\/\\\/teamparkproject.com\\\/it\\\/\",\"logo\":{\"@type\":\"ImageObject\",\"inLanguage\":\"it-IT\",\"@id\":\"https:\\\/\\\/teamparkproject.com\\\/it\\\/#\\\/schema\\\/logo\\\/image\\\/\",\"url\":\"https:\\\/\\\/teamparkproject.com\\\/wp-content\\\/uploads\\\/2024\\\/06\\\/TPP_LogoIntero-Azzurro.png\",\"contentUrl\":\"https:\\\/\\\/teamparkproject.com\\\/wp-content\\\/uploads\\\/2024\\\/06\\\/TPP_LogoIntero-Azzurro.png\",\"width\":598,\"height\":366,\"caption\":\"Team Park Project\"},\"image\":{\"@id\":\"https:\\\/\\\/teamparkproject.com\\\/it\\\/#\\\/schema\\\/logo\\\/image\\\/\"},\"sameAs\":[\"https:\\\/\\\/www.facebook.com\\\/teamparkproject\\\/\",\"https:\\\/\\\/www.instagram.com\\\/teamparkproject\\\/\",\"https:\\\/\\\/www.linkedin.com\\\/company\\\/team-park-project\\\/\",\"https:\\\/\\\/www.youtube.com\\\/channel\\\/UCeR9wp8oHKp_w7gnOOgBvZQ\"]}]}<\/script>\n<!-- \/ Yoast SEO plugin. -->","yoast_head_json":{"title":"Grazie - TeamParkProject","description":"Un parco di divertimenti pu\u00f2 essere il migliore (o il peggiore) investimento della tua vita. Tutto dipende dalla sua profittabilit\u00e0. Sei davvero sicuro di volerla lasciare al caso?","robots":{"index":"index","follow":"follow","max-snippet":"max-snippet:-1","max-image-preview":"max-image-preview:large","max-video-preview":"max-video-preview:-1"},"canonical":"https:\/\/teamparkproject.com\/it\/grazie\/","og_locale":"it_IT","og_type":"article","og_title":"Guida Gratuita profittabilit\u00e0 parco divertimenti","og_description":"Un parco di divertimenti pu\u00f2 essere il migliore (o il peggiore) investimento della tua vita. Tutto dipende dalla sua profittabilit\u00e0. Sei davvero sicuro di volerla lasciare al caso?","og_url":"https:\/\/teamparkproject.com\/it\/grazie\/","og_site_name":"TeamParkProject","article_publisher":"https:\/\/www.facebook.com\/teamparkproject\/","article_modified_time":"2026-03-25T15:36:53+00:00","og_image":[{"width":1000,"height":600,"url":"https:\/\/teamparkproject.com\/wp-content\/uploads\/2024\/06\/TPP_Grazie-Progetti@2x.jpg","type":"image\/jpeg"}],"twitter_card":"summary_large_image","twitter_title":"Guida Gratuita profittabilit\u00e0 parco divertimenti","twitter_description":"Un parco di divertimenti pu\u00f2 essere il migliore (o il peggiore) investimento della tua vita. Tutto dipende dalla sua profittabilit\u00e0. Sei davvero sicuro di volerla lasciare al caso?","twitter_misc":{"Tempo di lettura stimato":"1 minuto"},"schema":{"@context":"https:\/\/schema.org","@graph":[{"@type":"WebPage","@id":"https:\/\/teamparkproject.com\/it\/grazie\/","url":"https:\/\/teamparkproject.com\/it\/grazie\/","name":"Grazie - TeamParkProject","isPartOf":{"@id":"https:\/\/teamparkproject.com\/it\/#website"},"primaryImageOfPage":{"@id":"https:\/\/teamparkproject.com\/it\/grazie\/#primaryimage"},"image":{"@id":"https:\/\/teamparkproject.com\/it\/grazie\/#primaryimage"},"thumbnailUrl":"https:\/\/teamparkproject.com\/wp-content\/uploads\/2024\/06\/TPP_Grazie-Progetti@2x.jpg","datePublished":"2024-06-21T13:12:42+00:00","dateModified":"2026-03-25T15:36:53+00:00","description":"Un parco di divertimenti pu\u00f2 essere il migliore (o il peggiore) investimento della tua vita. Tutto dipende dalla sua profittabilit\u00e0. Sei davvero sicuro di volerla lasciare al caso?","breadcrumb":{"@id":"https:\/\/teamparkproject.com\/it\/grazie\/#breadcrumb"},"inLanguage":"it-IT","potentialAction":[{"@type":"ReadAction","target":["https:\/\/teamparkproject.com\/it\/grazie\/"]}]},{"@type":"ImageObject","inLanguage":"it-IT","@id":"https:\/\/teamparkproject.com\/it\/grazie\/#primaryimage","url":"https:\/\/teamparkproject.com\/wp-content\/uploads\/2024\/06\/TPP_Grazie-Progetti@2x.jpg","contentUrl":"https:\/\/teamparkproject.com\/wp-content\/uploads\/2024\/06\/TPP_Grazie-Progetti@2x.jpg","width":1000,"height":600},{"@type":"BreadcrumbList","@id":"https:\/\/teamparkproject.com\/it\/grazie\/#breadcrumb","itemListElement":[{"@type":"ListItem","position":1,"name":"Home","item":"https:\/\/teamparkproject.com\/it\/"},{"@type":"ListItem","position":2,"name":"Grazie"}]},{"@type":"WebSite","@id":"https:\/\/teamparkproject.com\/it\/#website","url":"https:\/\/teamparkproject.com\/it\/","name":"Team Park Project","description":"Designing joy. Planning Success.","publisher":{"@id":"https:\/\/teamparkproject.com\/it\/#organization"},"alternateName":"TPP","potentialAction":[{"@type":"SearchAction","target":{"@type":"EntryPoint","urlTemplate":"https:\/\/teamparkproject.com\/it\/?s={search_term_string}"},"query-input":{"@type":"PropertyValueSpecification","valueRequired":true,"valueName":"search_term_string"}}],"inLanguage":"it-IT"},{"@type":"Organization","@id":"https:\/\/teamparkproject.com\/it\/#organization","name":"Team Park Project","alternateName":"TPP","url":"https:\/\/teamparkproject.com\/it\/","logo":{"@type":"ImageObject","inLanguage":"it-IT","@id":"https:\/\/teamparkproject.com\/it\/#\/schema\/logo\/image\/","url":"https:\/\/teamparkproject.com\/wp-content\/uploads\/2024\/06\/TPP_LogoIntero-Azzurro.png","contentUrl":"https:\/\/teamparkproject.com\/wp-content\/uploads\/2024\/06\/TPP_LogoIntero-Azzurro.png","width":598,"height":366,"caption":"Team Park Project"},"image":{"@id":"https:\/\/teamparkproject.com\/it\/#\/schema\/logo\/image\/"},"sameAs":["https:\/\/www.facebook.com\/teamparkproject\/","https:\/\/www.instagram.com\/teamparkproject\/","https:\/\/www.linkedin.com\/company\/team-park-project\/","https:\/\/www.youtube.com\/channel\/UCeR9wp8oHKp_w7gnOOgBvZQ"]}]}},"_links":{"self":[{"href":"https:\/\/teamparkproject.com\/it\/wp-json\/wp\/v2\/pages\/8160","targetHints":{"allow":["GET"]}}],"collection":[{"href":"https:\/\/teamparkproject.com\/it\/wp-json\/wp\/v2\/pages"}],"about":[{"href":"https:\/\/teamparkproject.com\/it\/wp-json\/wp\/v2\/types\/page"}],"author":[{"embeddable":true,"href":"https:\/\/teamparkproject.com\/it\/wp-json\/wp\/v2\/users\/2"}],"replies":[{"embeddable":true,"href":"https:\/\/teamparkproject.com\/it\/wp-json\/wp\/v2\/comments?post=8160"}],"version-history":[{"count":121,"href":"https:\/\/teamparkproject.com\/it\/wp-json\/wp\/v2\/pages\/8160\/revisions"}],"predecessor-version":[{"id":10651,"href":"https:\/\/teamparkproject.com\/it\/wp-json\/wp\/v2\/pages\/8160\/revisions\/10651"}],"wp:featuredmedia":[{"embeddable":true,"href":"https:\/\/teamparkproject.com\/it\/wp-json\/wp\/v2\/media\/8362"}],"wp:attachment":[{"href":"https:\/\/teamparkproject.com\/it\/wp-json\/wp\/v2\/media?parent=8160"}],"curies":[{"name":"wp","href":"https:\/\/api.w.org\/{rel}","templated":true}]}}